{"id":9625,"date":"2024-12-27T09:07:08","date_gmt":"2024-12-27T09:07:08","guid":{"rendered":"https:\/\/www.visualfy.com\/contact\/"},"modified":"2025-09-05T05:12:21","modified_gmt":"2025-09-05T05:12:21","slug":"contact","status":"publish","type":"page","link":"https:\/\/www.visualfy.com\/es\/contacto\/","title":{"rendered":"Contacto"},"content":{"rendered":"\n<div class=\"wp-block-uagb-container uagb-block-8d0281c8 alignfull uagb-is-root-container\"><div class=\"uagb-container-inner-blocks-wrap\">\n<div class=\"wp-block-uagb-container uag-hide-desktop uag-hide-tab uagb-block-f0b1f342\"><\/div>\n\n\n\n<div class=\"wp-block-uagb-container uagb-block-15c3e34d\">\n<div class=\"wp-block-uagb-container uagb-block-2d1e8675\">\n<div class=\"wp-block-uagb-image alignleft uagb-block-d8f45564 wp-block-uagb-image--layout-default wp-block-uagb-image--effect-static wp-block-uagb-image--align-left\"><figure class=\"wp-block-uagb-image__figure\"><img decoding=\"async\" srcset=\"https:\/\/www.visualfy.com\/wp-content\/uploads\/2025\/01\/customer-service.png ,https:\/\/www.visualfy.com\/wp-content\/uploads\/2025\/01\/customer-service.png 780w, https:\/\/www.visualfy.com\/wp-content\/uploads\/2025\/01\/customer-service.png 360w\" sizes=\"auto, (max-width: 480px) 150px\" src=\"https:\/\/www.visualfy.com\/wp-content\/uploads\/2025\/01\/customer-service.png\" alt=\"customer service of visualfy\" class=\"uag-image-399\" width=\"531\" height=\"384\" title=\"customer service of visualfy\" loading=\"lazy\" role=\"img\"\/><\/figure><\/div>\n<\/div>\n\n\n\n<div class=\"wp-block-uagb-container uagb-block-7e8b4ffd\"><\/div>\n\n\n\n<div class=\"wp-block-uagb-container uagb-block-f45ee375\">\n<div class=\"wp-block-uagb-advanced-heading uagb-block-2eb6add7\"><h1 class=\"uagb-heading-text\">Contacto<\/h1><\/div>\n\n\n\n<div class=\"wp-block-uagb-advanced-heading uagb-block-bd9878f6\"><p class=\"uagb-heading-text\">Dudas, preguntas, sugerencias, \u00bfen qu\u00e9 podemos ayudarte?<\/p><\/div>\n\n\n\n<div class=\"wp-block-uagb-advanced-heading uagb-block-1e39e4b0\"><p class=\"uagb-heading-text\">Horario de Atenci\u00f3n al Cliente:&nbsp;Lunes a viernes de 9 a 13h.<\/p><\/div>\n<\/div>\n<\/div>\n\n\n\n<div class=\"wp-block-uagb-container uag-hide-desktop uag-hide-mob uagb-block-76a73b29\"><\/div>\n<\/div><\/div>\n\n\n\n<div class=\"wp-block-uagb-container full-width uagb-block-3da92262 alignfull uagb-is-root-container\">\n<div class=\"wp-block-uagb-advanced-heading uagb-block-7be71b4e\"><h2 class=\"uagb-heading-text\">Ap\u00fantate y te mantenemos informado<\/h2><\/div>\n\n\n\n<div class=\"wp-block-uagb-advanced-heading uagb-block-fbccf584\"><p class=\"uagb-heading-text\">Ap\u00fantate a nuestra newsletter y te mantendremos actualizado de las novedades de Visualfy<\/p><\/div>\n\n\n\n<div class=\"wpcf7 no-js\" id=\"wpcf7-f9388-o1\" lang=\"es-ES\" dir=\"ltr\" data-wpcf7-id=\"9388\">\n<div class=\"screen-reader-response\"><p role=\"status\" aria-live=\"polite\" aria-atomic=\"true\"><\/p> <ul><\/ul><\/div>\n<form action=\"\/es\/wp-json\/wp\/v2\/pages\/9625#wpcf7-f9388-o1\" method=\"post\" class=\"wpcf7-form init newsletter-es-form\" id=\"newsletter-es-form\" aria-label=\"Formulario de contacto\" novalidate=\"novalidate\" data-status=\"init\">\n<fieldset class=\"hidden-fields-container\"><input type=\"hidden\" name=\"_wpcf7\" value=\"9388\" \/><input type=\"hidden\" name=\"_wpcf7_version\" value=\"6.1.5\" \/><input type=\"hidden\" name=\"_wpcf7_locale\" value=\"es_ES\" \/><input type=\"hidden\" name=\"_wpcf7_unit_tag\" value=\"wpcf7-f9388-o1\" \/><input type=\"hidden\" name=\"_wpcf7_container_post\" value=\"0\" \/><input type=\"hidden\" name=\"_wpcf7_posted_data_hash\" value=\"\" \/><input type=\"hidden\" name=\"_wpcf7_recaptcha_response\" value=\"\" \/>\n<\/fieldset>\n<div class=\"form form-flat form__newsletter\">\n\t<div class=\"row\">\n\t\t<div>\n\t\t\t<p><label class=\"email__newsletter visuallyhidden\">Email<\/label><span class=\"wpcf7-form-control-wrap\" data-name=\"email\"><input size=\"40\" maxlength=\"400\" class=\"wpcf7-form-control wpcf7-email wpcf7-validates-as-required wpcf7-text wpcf7-validates-as-email\" autocomplete=\"email\" aria-required=\"true\" aria-invalid=\"false\" placeholder=\"Email\" value=\"\" type=\"email\" name=\"email\" \/><\/span>\n\t\t\t<\/p>\n\t\t<\/div>\n\t\t<div class=\"form__newsletter--send\">\n\t\t\t<p><input class=\"wpcf7-form-control wpcf7-submit has-spinner button\" type=\"submit\" value=\"Enviar\" \/>\n\t\t\t<\/p>\n\t\t<\/div>\n\t<\/div>\n\n\t<div class=\"lawlabel\">\n\t\t<p class=\"lawlabel--acceptance\"><span class=\"wpcf7-form-control-wrap\" data-name=\"acceptance-privacy\"><span class=\"wpcf7-form-control wpcf7-acceptance\"><span class=\"wpcf7-list-item\"><label><input type=\"checkbox\" name=\"acceptance-privacy\" value=\"1\" aria-invalid=\"false\" \/><span class=\"wpcf7-list-item-label\">He le\u00eddo y acepto la <a aria-label=\"Textos de pol\u00edtica de privacidad\" href=\"\/es\/politica-privacidad\/\" rel=\"nofollow\">pol\u00edtica de privacidad<\/a>..<\/span><\/label><\/span><\/span><\/span>\n\t\t<\/p>\n\t\t<p class=\"lawlabel--captcha\">Al utilizar este formulario, acepto el almacenamiento y la gesti\u00f3n de mis datos por parte de este sitio web.\n\t\t<\/p>\n\t\t<p class=\"lawlabel--captcha\">Este sitio web est\u00e1 protegido por reCAPTCHA y Google. Consulta su <a aria-label=\"Pol\u00edtica de Privacidad de Google (Se abre en una ventana nueva)\" target=\"_blank\" href=\"https:\/\/policies.google.com\/privacy\" rel=\"noopener\">pol\u00edtica de privacidad<\/a> y sus <a aria-label=\"Condiciones de uso de Google (Se abre en una ventana nueva)\" href=\"https:\/\/policies.google.com\/terms\" target=\"_blank\" rel=\"noopener\">condiciones de servicio<\/a>.\n\t\t<\/p>\n\t<\/div>\n<\/div><input type='hidden' class='wpcf7-pum' value='{\"closepopup\":false,\"closedelay\":0,\"openpopup\":false,\"openpopup_id\":0}' \/><div class=\"wpcf7-response-output\" aria-hidden=\"true\"><\/div>\n<\/form>\n<\/div>\n\n<\/div>\n\n\n\n<div class=\"wp-block-uagb-container uagb-block-65ba47a1 alignfull uagb-is-root-container\"><div class=\"uagb-container-inner-blocks-wrap\">\n<div class=\"wp-block-uagb-container uag-hide-mob uagb-block-d92f8095\"><\/div>\n\n\n\n<div class=\"wp-block-uagb-container uagb-block-8fc2eb01\">\n<div class=\"wp-block-uagb-container uag-hide-mob uagb-block-eebc0d91\"><\/div>\n\n\n\n<div class=\"wp-block-uagb-container uagb-block-6f695fda\">\n<div class=\"wp-block-uagb-advanced-heading uagb-block-4696a5c3\"><p class=\"uagb-heading-text\">\u00a1Escribenos!<\/p><\/div>\n\n\n\n<div class=\"wpcf7 no-js\" id=\"wpcf7-f9387-o2\" lang=\"es-ES\" dir=\"ltr\" data-wpcf7-id=\"9387\">\n<div class=\"screen-reader-response\"><p role=\"status\" aria-live=\"polite\" aria-atomic=\"true\"><\/p> <ul><\/ul><\/div>\n<form action=\"\/es\/wp-json\/wp\/v2\/pages\/9625#wpcf7-f9387-o2\" method=\"post\" class=\"wpcf7-form init contact-es-form\" id=\"contact-es-form\" aria-label=\"Formulario de contacto\" novalidate=\"novalidate\" data-status=\"init\">\n<fieldset class=\"hidden-fields-container\"><input type=\"hidden\" name=\"_wpcf7\" value=\"9387\" \/><input type=\"hidden\" name=\"_wpcf7_version\" value=\"6.1.5\" \/><input type=\"hidden\" name=\"_wpcf7_locale\" value=\"es_ES\" \/><input type=\"hidden\" name=\"_wpcf7_unit_tag\" value=\"wpcf7-f9387-o2\" \/><input type=\"hidden\" name=\"_wpcf7_container_post\" value=\"0\" \/><input type=\"hidden\" name=\"_wpcf7_posted_data_hash\" value=\"\" \/><input type=\"hidden\" name=\"_wpcf7_recaptcha_response\" value=\"\" \/>\n<\/fieldset>\n<div class=\"form form-flat form__contact\">\n\t<div class=\"row\">\n\t\t<div>\n\t\t\t<p><label for=\"firstname-field\">Nombre*<\/label><span class=\"wpcf7-form-control-wrap\" data-name=\"first_name\"><input size=\"40\" maxlength=\"400\" class=\"wpcf7-form-control wpcf7-text wpcf7-validates-as-required\" id=\"firstname-field\" autocomplete=\"firstname\" aria-required=\"true\" aria-invalid=\"false\" placeholder=\"Inserta tu nombre *\" value=\"\" type=\"text\" name=\"first_name\" \/><\/span>\n\t\t\t<\/p>\n\t\t<\/div>\n\t\t<div>\n\t\t\t<p><label for=\"lastname-field\">Apellidos*<\/label><span class=\"wpcf7-form-control-wrap\" data-name=\"last_name\"><input size=\"40\" maxlength=\"400\" class=\"wpcf7-form-control wpcf7-text wpcf7-validates-as-required\" id=\"lastname-field\" autocomplete=\"surname\" aria-required=\"true\" aria-invalid=\"false\" placeholder=\"Inserta tu apellido *\" value=\"\" type=\"text\" name=\"last_name\" \/><\/span>\n\t\t\t<\/p>\n\t\t<\/div>\n\t<\/div>\n\t<p><label for=\"user-email\">Email*<\/label><br \/>\n<span class=\"wpcf7-form-control-wrap\" data-name=\"email\"><input size=\"40\" maxlength=\"400\" class=\"wpcf7-form-control wpcf7-email wpcf7-validates-as-required wpcf7-text wpcf7-validates-as-email m-b-15\" id=\"user-email\" autocomplete=\"email\" aria-required=\"true\" aria-invalid=\"false\" placeholder=\"Inserta el email *\" value=\"\" type=\"email\" name=\"email\" \/><\/span>\n\t<\/p>\n\t<p><label for=\"phone-field\">Tel\u00e9fono<\/label><br \/>\n<span class=\"wpcf7-form-control-wrap\" data-name=\"phone\"><input size=\"40\" maxlength=\"400\" class=\"wpcf7-form-control wpcf7-tel wpcf7-text wpcf7-validates-as-tel m-b-15\" id=\"phone-field\" autocomplete=\"phone\" aria-invalid=\"false\" placeholder=\"Inserta tu tel\u00e9fono\" value=\"\" type=\"tel\" name=\"phone\" \/><\/span>\n\t<\/p>\n\t<p><label for=\"company-field\">Empresa o instituci\u00f3n<\/label><br \/>\n<span class=\"wpcf7-form-control-wrap\" data-name=\"company\"><input size=\"40\" maxlength=\"400\" class=\"wpcf7-form-control wpcf7-text m-b-15\" id=\"company-field\" autocomplete=\"company\" aria-invalid=\"false\" placeholder=\"Inserta tu empresa o instituci\u00f3n\" value=\"\" type=\"text\" name=\"company\" \/><\/span>\n\t<\/p>\n\t<p><label for=\"message-form\">Comentarios<\/label><br \/>\n<span class=\"wpcf7-form-control-wrap\" data-name=\"message\"><textarea cols=\"40\" rows=\"10\" maxlength=\"2000\" class=\"wpcf7-form-control wpcf7-textarea\" id=\"message-form\" aria-invalid=\"false\" placeholder=\"Escriba aqu\u00ed su pregunta o sugerencia\" name=\"message\"><\/textarea><\/span><br \/>\n\t<input class=\"wpcf7-form-control wpcf7-hidden\" value=\"\" type=\"hidden\" name=\"referer-page\" \/>\n\t<\/p>\n\n\t<div class=\"privacypolicy\">\n\t\t<p><span class=\"wpcf7-form-control-wrap\" data-name=\"acceptance-privacy\"><span class=\"wpcf7-form-control wpcf7-acceptance\"><span class=\"wpcf7-list-item\"><label><input type=\"checkbox\" name=\"acceptance-privacy\" value=\"1\" aria-invalid=\"false\" \/><span class=\"wpcf7-list-item-label\">He le\u00eddo y acepto la <a href=\"\/es\/politica-privacidad\/\" title=\"Pol\u00edtica de privacidad\" rel=\"nofollow\">Pol\u00edtica de privacidad<\/a>.<\/span><\/label><\/span><\/span><\/span>\n\t\t<\/p>\n\t\t<p class=\"small\">Al utilizar este formulario acepto el almacenamiento y la gesti\u00f3n de mis datos por parte de este sitio web.\n\t\t<\/p>\n\t<\/div>\n\t<p><input class=\"wpcf7-form-control wpcf7-submit has-spinner button form__contact--send\" type=\"submit\" value=\"Enviar formulario\" \/>\n\t<\/p>\n\t<div class=\"lawlabel\">\n\t\t<ol>\n\t\t\t<li>\n\t\t\t\t<p>Responsable de los datos: Fusi\u00f3 d'Arts SL\n\t\t\t\t<\/p>\n\t\t\t<\/li>\n\t\t\t<li>\n\t\t\t\t<p>Finalidad de los datos: Informaci\u00f3n sobre nuestro sistema accesible.\n\t\t\t\t<\/p>\n\t\t\t<\/li>\n\t\t\t<li>\n\t\t\t\t<p>Almacenamiento de datos: Base de datos alojada en Amazon AWS (EU).\n\t\t\t\t<\/p>\n\t\t\t<\/li>\n\t\t\t<li>\n\t\t\t\t<p>Derechos: En cualquier momento puedes <a aria-label=\"Texto de pol\u00edtica de privacidad\" href=\"\/es\/politica-privacidad\/\" rel=\"nofollow\" title=\"Texto de pol\u00edtica de privacidad\">limitar, recuperar y eliminar tu informaci\u00f3n<\/a>.\n\t\t\t\t<\/p>\n\t\t\t<\/li>\n\t\t<\/ol>\n\t\t<p>Este sitio web est\u00e1 protegido por reCAPTCHA y Google. Consulte su <a target=\"_blank\" aria-label=\"Privacy Policy from Google (Opens in new Window)\" href=\"https:\/\/policies.google.com\/privacy\" rel=\"noopener\"> Pol\u00edtica de privacidad<\/a> y <a target=\"_blank\" href=\"https:\/\/policies.google.com\/terms\" aria-label=\"Terms of service from Google (Opens in new Window)\" rel=\"noopener\">las Condiciones del servicio<\/a>\n\t\t<\/p>\n\t<\/div>\n<\/div><input type='hidden' class='wpcf7-pum' value='{\"closepopup\":false,\"closedelay\":0,\"openpopup\":false,\"openpopup_id\":0}' \/><div class=\"wpcf7-response-output\" aria-hidden=\"true\"><\/div>\n<\/form>\n<\/div>\n\n<\/div>\n\n\n\n<div class=\"wp-block-uagb-container uag-hide-mob uagb-block-9a72d718\"><\/div>\n<\/div>\n\n\n\n<div class=\"wp-block-uagb-container uag-hide-mob uagb-block-dd4d9e6f\"><\/div>\n<\/div><\/div>\n","protected":false},"excerpt":{"rendered":"<p>Contacto Dudas, preguntas, sugerencias, \u00bfen qu\u00e9 podemos ayudarte? Horario de Atenci\u00f3n al Cliente:&nbsp;Lunes a viernes de 9 a 13h. Ap\u00fantate y te mantenemos informado Ap\u00fantate a nuestra newsletter y te mantendremos actualizado de las novedades de Visualfy \u00a1Escribenos!<\/p>\n","protected":false},"author":1,"featured_media":0,"parent":0,"menu_order":0,"comment_status":"closed","ping_status":"closed","template":"","meta":{"_acf_changed":false,"content-type":"","_uag_custom_page_level_css":"","footnotes":""},"class_list":["post-9625","page","type-page","status-publish","hentry"],"acf":[],"spectra_custom_meta":{"rank_math_internal_links_processed":["1"],"rank_math_seo_score":["9"],"_wpml_word_count":["48"],"_wpml_media_duplicate":["1"],"_wpml_media_featured":["1"],"_wpml_location_migration_done":["1"],"rank_math_og_content_image":["a:2:{s:5:\"check\";s:32:\"aa4b051896b855e01da0182f8efaa481\";s:6:\"images\";a:1:{i:0;i:399;}}"],"_cmplz_scanned_post":["1"],"_edit_lock":["1763465380:1"],"_last_translation_edit_mode":["native-editor"],"_edit_last":["1"],"_wp_page_template":[""],"amazonS3_cache":["a:20:{s:70:\"\/\/visualfy.acceseo.dev\/wp-content\/uploads\/2025\/01\/customer-service.png\";a:1:{s:9:\"timestamp\";i:1747335672;}s:64:\"\/\/visualfy.acceseo.dev\/wp-content\/uploads\/2025\/01\/phone-call.svg\";a:1:{s:9:\"timestamp\";i:1747335672;}s:66:\"\/\/visualfy.acceseo.dev\/wp-content\/uploads\/2025\/01\/social-icons.svg\";a:1:{s:9:\"timestamp\";i:1747335672;}s:58:\"\/\/visualfy.acceseo.dev\/wp-content\/uploads\/2025\/01\/mail.svg\";a:1:{s:9:\"timestamp\";i:1747335672;}s:70:\"\/\/visualfy.acceseo.dev\/wp-content\/uploads\/2025\/01\/lse-icon-contact.svg\";a:1:{s:9:\"timestamp\";i:1747335672;}s:72:\"\/\/visualfy.acceseo.dev\/wp-content\/uploads\/2025\/01\/user-sign-language.png\";a:1:{s:9:\"timestamp\";i:1747335672;}s:77:\"\/\/visualfy.acceseo.dev\/wp-content\/uploads\/2025\/01\/mobile-contact-lse-user.png\";a:1:{s:9:\"timestamp\";i:1747335672;}s:69:\"\/\/visualfy.acceseo.dev\/wp-content\/uploads\/2025\/02\/lse-icon-button.svg\";a:1:{s:9:\"timestamp\";i:1747335671;}s:81:\"\/\/visualfy.acceseo.dev\/wp-content\/uploads\/2025\/02\/visualfy-places-placeholder.jpg\";a:1:{s:9:\"timestamp\";i:1747335671;}s:66:\"\/\/visualfy.acceseo.dev\/wp-content\/uploads\/2025\/01\/computer_404.svg\";a:1:{s:9:\"timestamp\";i:1747335671;}s:63:\"\/\/visualfy.acceseo.dev\/wp-content\/uploads\/2025\/01\/user-icon.svg\";a:1:{s:9:\"timestamp\";i:1747335671;}s:58:\"\/\/visualfy.acceseo.dev\/wp-content\/uploads\/2025\/01\/menu.svg\";a:1:{s:9:\"timestamp\";i:1747335671;}s:67:\"\/\/visualfy.acceseo.dev\/wp-content\/uploads\/2025\/01\/logo-visualfy.svg\";a:1:{s:9:\"timestamp\";i:1747335671;}s:65:\"\/\/visualfy.acceseo.dev\/wp-content\/uploads\/2025\/01\/logo-footer.svg\";a:1:{s:9:\"timestamp\";i:1747335671;}s:88:\"\/\/visualfy.acceseo.dev\/wp-content\/uploads\/2025\/01\/union-europea-ministerio-industria.png\";a:1:{s:9:\"timestamp\";i:1747335671;}s:78:\"\/\/visualfy.acceseo.dev\/wp-content\/uploads\/2025\/01\/fondo-europeo-innovacion.png\";a:1:{s:9:\"timestamp\";i:1747335671;}s:77:\"\/\/visualfy.acceseo.dev\/wp-content\/uploads\/2025\/01\/generalitat-ivace-feder.png\";a:1:{s:9:\"timestamp\";i:1747335671;}s:85:\"\/\/visualfy.acceseo.dev\/wp-content\/uploads\/2025\/01\/generalita-ivace-cofinanciacion.png\";a:1:{s:9:\"timestamp\";i:1747335671;}s:65:\"\/\/visualfy.acceseo.dev\/wp-content\/uploads\/2025\/02\/logo-blanco.svg\";a:1:{s:9:\"timestamp\";i:1747295930;}s:64:\"\/\/visualfy.acceseo.dev\/wp-content\/uploads\/2025\/02\/white-peep.svg\";a:1:{s:9:\"timestamp\";i:1747295930;}}"],"content-type":[""],"_uag_custom_page_level_css":[""],"footnotes":[""],"_betterdocs_reusable_block_ids":["a:0:{}"]},"uagb_featured_image_src":{"full":false,"thumbnail":false,"medium":false,"medium_large":false,"large":false,"1536x1536":false,"2048x2048":false},"uagb_author_info":{"display_name":"redaccion","author_link":"https:\/\/www.visualfy.com\/es\/author\/redaccion\/"},"uagb_comment_info":0,"uagb_excerpt":"Contacto Dudas, preguntas, sugerencias, \u00bfen qu\u00e9 podemos ayudarte? Horario de Atenci\u00f3n al Cliente:&nbsp;Lunes a viernes de 9 a 13h. Ap\u00fantate y te mantenemos informado Ap\u00fantate a nuestra newsletter y te mantendremos actualizado de las novedades de Visualfy \u00a1Escribenos!","_links":{"self":[{"href":"https:\/\/www.visualfy.com\/es\/wp-json\/wp\/v2\/pages\/9625","targetHints":{"allow":["GET"]}}],"collection":[{"href":"https:\/\/www.visualfy.com\/es\/wp-json\/wp\/v2\/pages"}],"about":[{"href":"https:\/\/www.visualfy.com\/es\/wp-json\/wp\/v2\/types\/page"}],"author":[{"embeddable":true,"href":"https:\/\/www.visualfy.com\/es\/wp-json\/wp\/v2\/users\/1"}],"replies":[{"embeddable":true,"href":"https:\/\/www.visualfy.com\/es\/wp-json\/wp\/v2\/comments?post=9625"}],"version-history":[{"count":5,"href":"https:\/\/www.visualfy.com\/es\/wp-json\/wp\/v2\/pages\/9625\/revisions"}],"predecessor-version":[{"id":11656,"href":"https:\/\/www.visualfy.com\/es\/wp-json\/wp\/v2\/pages\/9625\/revisions\/11656"}],"wp:attachment":[{"href":"https:\/\/www.visualfy.com\/es\/wp-json\/wp\/v2\/media?parent=9625"}],"curies":[{"name":"wp","href":"https:\/\/api.w.org\/{rel}","templated":true}]}}